

{"id":1726,"date":"2024-09-09T19:18:33","date_gmt":"2024-09-09T17:18:33","guid":{"rendered":"https:\/\/engrainage.fr\/?page_id=1726"},"modified":"2025-08-08T18:23:30","modified_gmt":"2025-08-08T16:23:30","slug":"sites","status":"publish","type":"page","link":"https:\/\/engrainage.fr\/?page_id=1726","title":{"rendered":"Nos Sites"},"content":{"rendered":"\n<div class=\"wp-block-group alignwide panel is-layout-constrained wp-block-group-is-layout-constrained\">\n<div class=\"wp-block-columns panel-sites is-layout-flex wp-container-core-columns-is-layout-1 wp-block-columns-is-layout-flex\" style=\"border-style:none;border-width:0px\">\n<div class=\"wp-block-column is-vertically-aligned-center is-layout-flow wp-block-column-is-layout-flow\" style=\"flex-basis:45%\">\n<div class=\"wp-block-group headbloc is-vertical is-content-justification-left is-layout-flex wp-container-core-group-is-layout-1 wp-block-group-is-layout-flex\">\n<h1 class=\"wp-block-heading\" style=\"font-size:clamp(36.518px, 2.282rem + ((1vw - 3.2px) * 2.381), 67px);\"><strong>Le <span class=\"highlight-candy\">jardin<\/span> p\u00e9dagogique du&nbsp;<span class=\"highlight-orange\">6b<\/span><\/strong><\/h1>\n<\/div>\n<\/div>\n\n\n\n<div class=\"wp-block-column is-vertically-aligned-center is-layout-flow wp-block-column-is-layout-flow\" style=\"padding-top:var(--wp--preset--spacing--20);padding-right:var(--wp--preset--spacing--20);padding-bottom:var(--wp--preset--spacing--20);padding-left:var(--wp--preset--spacing--20);flex-basis:66.66%\">\n<figure class=\"wp-block-image size-full\"><img loading=\"lazy\" decoding=\"async\" width=\"1080\" height=\"1080\" src=\"https:\/\/engrainage.fr\/wp-content\/uploads\/2024\/09\/jardin2.jpeg\" alt=\"\" class=\"wp-image-1958\" style=\"aspect-ratio:16\/9;object-fit:cover\" srcset=\"https:\/\/engrainage.fr\/wp-content\/uploads\/2024\/09\/jardin2.jpeg 1080w, https:\/\/engrainage.fr\/wp-content\/uploads\/2024\/09\/jardin2-300x300.jpeg 300w, https:\/\/engrainage.fr\/wp-content\/uploads\/2024\/09\/jardin2-1024x1024.jpeg 1024w, https:\/\/engrainage.fr\/wp-content\/uploads\/2024\/09\/jardin2-150x150.jpeg 150w, https:\/\/engrainage.fr\/wp-content\/uploads\/2024\/09\/jardin2-768x768.jpeg 768w\" sizes=\"(max-width: 1080px) 100vw, 1080px\" \/><\/figure>\n<\/div>\n<\/div>\n\n\n\n<div class=\"wp-block-group cadre-vegetal is-layout-constrained wp-block-group-is-layout-constrained\">\n<svg\nclass=\"feuille1bis-sites\"\n   width=\"193.10176mm\"\n   height=\"153.91974mm\"\n   viewBox=\"0 0 193.10176 153.91974\"\n   version=\"1.1\"\n   id=\"svg1\"\n   inkscape:version=\"1.3.2 (091e20e, 2023-11-25)\"\n   sodipodi:docname=\"feuillemega.svg\"\n   xmlns:inkscape=\"http:\/\/www.inkscape.org\/namespaces\/inkscape\"\n   xmlns:sodipodi=\"http:\/\/sodipodi.sourceforge.net\/DTD\/sodipodi-0.dtd\"\n   xmlns=\"http:\/\/www.w3.org\/2000\/svg\"\n   xmlns:svg=\"http:\/\/www.w3.org\/2000\/svg\">\n  <sodipodi:namedview\n     id=\"namedview1\"\n     pagecolor=\"#505050\"\n     bordercolor=\"#eeeeee\"\n     borderopacity=\"1\"\n     inkscape:showpageshadow=\"0\"\n     inkscape:pageopacity=\"0\"\n     inkscape:pagecheckerboard=\"0\"\n     inkscape:deskcolor=\"#505050\"\n     inkscape:document-units=\"mm\"\n     inkscape:zoom=\"0.2102413\"\n     inkscape:cx=\"404.29734\"\n     inkscape:cy=\"442.34886\"\n     inkscape:window-width=\"1440\"\n     inkscape:window-height=\"426\"\n     inkscape:window-x=\"0\"\n     inkscape:window-y=\"37\"\n     inkscape:window-maximized=\"0\"\n     inkscape:current-layer=\"layer1\" \/>\n  <defs\n     id=\"defs1\" \/>\n  <g\n     inkscape:label=\"Calque 1\"\n     inkscape:groupmode=\"layer\"\n     id=\"layer1\"\n     transform=\"translate(2.1166657,-31.220829)\">\n    <g\n       id=\"g70\"\n       transform=\"matrix(0.35277777,0,0,-0.35277777,190.98048,52.079047)\">\n      <path\n         d=\"m 0,0 c 0.065,0.477 -0.115,0.953 -0.483,1.263 -0.369,0.31 -0.866,0.415 -1.328,0.263 -0.285,-0.092 -29.388,-8.863 -79.819,15.834 -49.706,24.342 -99.336,35.513 -99.833,35.617 -0.403,0.092 -0.832,-0.005 -1.161,-0.258 -0.33,-0.253 -0.526,-0.64 -0.539,-1.056 -0.038,-1.042 -3.949,-104.211 -26.807,-115.921 -3.327,-1.703 -6.865,-1.243 -10.821,1.399 -25.105,16.769 14.328,117.149 14.732,118.155 0.154,0.394 0.126,0.834 -0.081,1.204 -0.21,0.365 -0.569,0.634 -0.988,0.693 -57.507,9.657 -108.693,-20.001 -109.207,-20.301 -0.4,-0.237 -0.655,-0.655 -0.688,-1.114 -1.18,-18.189 -1.121,-39.615 -1.063,-60.337 0.11,-39.94 0.231,-81.244 -9.414,-84.718 -2.826,-1.016 -7.005,1.716 -12.092,7.891 -32.443,39.396 -10.529,124.419 -10.304,125.272 0.14,0.524 -0.037,1.081 -0.454,1.428 -0.415,0.353 -0.998,0.429 -1.484,0.197 -99.997,-46.46 -93.992,-86.338 -93.71,-87.845 0.567,-9.478 3.689,-24.131 7,-39.644 5.398,-25.298 12.116,-56.786 5.483,-61.256 -2.015,-1.36 -5.521,0.439 -8.109,2.188 -28.759,19.455 -33.588,87.901 -33.636,88.593 -0.036,0.574 -0.425,1.065 -0.971,1.239 -0.557,0.161 -1.149,-0.005 -1.51,-0.451 -35.206,-43.215 -50.562,-88.222 -45.65,-133.774 2.685,-24.875 11.196,-47.111 21.867,-66.279 -15.278,-3.841 -30.696,-6.984 -46.292,-9.024 l 1.963,-13.847 c 17.321,2.746 34.403,6.626 51.204,11.367 19.741,-30.777 43.855,-51.871 54.123,-60.044 16.325,-12.992 33.507,-21.298 50.14,-26.436 50.735,-15.673 96.37,-1.881 96.975,-1.691 0.544,0.171 0.934,0.656 0.978,1.221 0.045,0.571 -0.259,1.107 -0.769,1.363 -0.771,0.385 -76.689,38.836 -59.613,74.139 2.357,4.874 5.682,7.472 10.162,7.939 25.251,2.65 75.565,-61.896 76.071,-62.554 0.34,-0.438 0.907,-0.636 1.44,-0.5 56.058,13.788 115.908,46.481 116.506,46.809 0.388,0.213 0.648,0.597 0.711,1.031 0.063,0.433 -0.085,0.872 -0.397,1.187 -0.542,0.544 -54.385,54.654 -53.131,74.392 0.128,1.986 0.833,3.455 2.16,4.481 1.405,1.084 3.162,1.47 5.377,1.162 20.596,-2.857 64.677,-61.508 65.121,-62.104 0.42,-0.566 1.205,-0.732 1.817,-0.375 32.101,18.371 60.158,78.247 61.336,80.788 0.161,0.344 0.174,0.738 0.037,1.092 -0.136,0.353 -0.408,0.639 -0.756,0.785 -0.545,0.234 -54.616,23.505 -59.894,44.278 -0.957,3.763 -0.209,7.119 2.279,10.26 2.719,3.429 6.357,5.308 11.123,5.747 23.452,2.146 63.295,-32.438 63.694,-32.791 0.331,-0.288 0.781,-0.405 1.213,-0.314 0.432,0.09 0.793,0.377 0.977,0.779 C -15.135,-105.058 -0.147,-1.041 0,0\"\n         style=\"fill:#1e3021;fill-opacity:1;fill-rule:nonzero;stroke:none\"\n         id=\"path72\" \/>\n    <\/g>\n  <\/g>\n<\/svg>\n<\/div>\n\n\n\n<div class=\"wp-block-group texte-sites is-content-justification-space-between is-nowrap is-layout-flex wp-container-core-group-is-layout-3 wp-block-group-is-layout-flex\">\n<div class=\"wp-block-columns card-site is-layout-flex wp-container-core-columns-is-layout-2 wp-block-columns-is-layout-flex\" style=\"padding-top:var(--wp--preset--spacing--30);padding-right:var(--wp--preset--spacing--60);padding-bottom:var(--wp--preset--spacing--30);padding-left:var(--wp--preset--spacing--60)\">\n<div class=\"wp-block-column is-layout-flow wp-block-column-is-layout-flow\">\n<p>En 2019, le 6B a mis \u00e0 disposition d&#8217;Engrainage la parcelle nord de ses espaces ext\u00e9rieurs. C&#8217;\u00e9tait alors un parking d\u00e9saffect\u00e9, en friche, et nous nous sommes donn\u00e9s l&#8217;objectif d&#8217;en faire un <strong>jardin p\u00e9dagogique<\/strong>, nourricier et un <strong>refuge pour la biodiversit\u00e9<\/strong>.<\/p>\n\n\n\n<p>Depuis c&#8217;est un espace en perp\u00e9tuel d\u00e9veloppement qui comprend aujourd&#8217;hui une trentaine de buttes de cultures, un mur en pierres s\u00e8ches v\u00e9g\u00e9talis\u00e9, une serre g\u00e9od\u00e9sique, une pergola et une haie nourrici\u00e8re.<br>Dans le jardin se c\u00f4toient des espaces productifs &#8211; fruits, l\u00e9gumes, aromatiques, fleurs &#8211; et des espaces &#8220;naturels&#8221; avec leurs plantes sauvages, adventices et fleurs de prairie.<\/p>\n<\/div>\n\n\n\n<div class=\"wp-block-column is-layout-flow wp-block-column-is-layout-flow\">\n<p>La production issue du jardin est le plus souvent destin\u00e9e aux b\u00e9n\u00e9voles d\u2019Engrainage qui participent \u00e0 l\u2019entretien et \u00e0 la gestion du jardin ainsi qu\u2019aux habitants du quartier Confluence et au restaurant du&nbsp;6b.<\/p>\n\n\n\n<p>Nous avons \u00e9galement fait le choix d&#8217;y organiser de nombreuses <strong>animations p\u00e9dagogiques <\/strong>avec les partenaires socio-\u00e9ducatifs du territoire : \u00e9tablissements scolaires, publics sp\u00e9cialis\u00e9s, association de quartier, entreprises\u2026<\/p>\n\n\n\n<p style=\"padding-top:var(--wp--preset--spacing--20);padding-right:var(--wp--preset--spacing--20);padding-bottom:var(--wp--preset--spacing--20);padding-left:var(--wp--preset--spacing--20)\">    <strong>6-10 quai de Seine, 93200 Saint Denis<\/strong><\/p>\n<\/div>\n<\/div>\n\n\n\n<iframe src=\"https:\/\/www.google.com\/maps\/embed?pb=!1m14!1m8!1m3!1d10483.234037220911!2d2.3427990000000003!3d48.938089!3m2!1i1024!2i768!4f13.1!3m3!1m2!1s0x47e669a638e529ed%3A0xe4e9d70014a2cc03!2sLe%206b!5e0!3m2!1sen!2sfr!4v1726703832042!5m2!1sen!2sfr\" width=\"400\" height=\"300\" style=\"border:0;\" allowfullscreen=\"\" loading=\"lazy\" referrerpolicy=\"no-referrer-when-downgrade\"><\/iframe>\n<\/div>\n<\/div>\n\n\n\n<div class=\"wp-block-group alignwide panel is-layout-constrained wp-block-group-is-layout-constrained\">\n<div class=\"wp-block-columns panel-sites is-layout-flex wp-container-core-columns-is-layout-3 wp-block-columns-is-layout-flex\" style=\"border-style:none;border-width:0px\">\n<div class=\"wp-block-column is-vertically-aligned-center is-layout-flow wp-block-column-is-layout-flow\" style=\"flex-basis:45%\">\n<div class=\"wp-block-group headbloc is-vertical is-layout-flex wp-container-core-group-is-layout-5 wp-block-group-is-layout-flex\">\n<h1 class=\"wp-block-heading\" style=\"font-size:clamp(36.518px, 2.282rem + ((1vw - 3.2px) * 2.381), 67px);\"><strong>La <span class=\"highlight-orange\">for\u00eat<\/span><\/strong><br><strong>comestible<br>du <\/strong><span class=\"highlight-pink\">Parc<br>du Glacis<\/span><\/h1>\n<\/div>\n<\/div>\n\n\n\n<div class=\"wp-block-column is-vertically-aligned-center is-layout-flow wp-block-column-is-layout-flow\" style=\"padding-top:var(--wp--preset--spacing--20);padding-right:var(--wp--preset--spacing--20);padding-bottom:var(--wp--preset--spacing--20);padding-left:var(--wp--preset--spacing--20);flex-basis:66.66%\">\n<figure class=\"wp-block-image size-full\"><img loading=\"lazy\" decoding=\"async\" width=\"640\" height=\"480\" src=\"https:\/\/engrainage.fr\/wp-content\/uploads\/2025\/08\/photo-foret-comestible.jpeg\" alt=\"\" class=\"wp-image-2395\" style=\"aspect-ratio:16\/9;object-fit:cover\" srcset=\"https:\/\/engrainage.fr\/wp-content\/uploads\/2025\/08\/photo-foret-comestible.jpeg 640w, https:\/\/engrainage.fr\/wp-content\/uploads\/2025\/08\/photo-foret-comestible-300x225.jpeg 300w\" sizes=\"(max-width: 640px) 100vw, 640px\" \/><\/figure>\n<\/div>\n<\/div>\n\n\n\n<div class=\"wp-block-group cadre-vegetal is-layout-constrained wp-block-group-is-layout-constrained\">\n<svg\nclass=\"branche1-sites\"\n   width=\"156.01917mm\"\n   height=\"337.056mm\"\n   viewBox=\"0 0 156.01917 337.056\"\n   version=\"1.1\"\n   id=\"svg1\"\n   inkscape:version=\"1.3.2 (091e20e, 2023-11-25)\"\n   sodipodi:docname=\"branche.svg\"\n   xmlns:inkscape=\"http:\/\/www.inkscape.org\/namespaces\/inkscape\"\n   xmlns:sodipodi=\"http:\/\/sodipodi.sourceforge.net\/DTD\/sodipodi-0.dtd\"\n   xmlns=\"http:\/\/www.w3.org\/2000\/svg\"\n   xmlns:svg=\"http:\/\/www.w3.org\/2000\/svg\">\n  <sodipodi:namedview\n     id=\"namedview1\"\n     pagecolor=\"#505050\"\n     bordercolor=\"#eeeeee\"\n     borderopacity=\"1\"\n     inkscape:showpageshadow=\"0\"\n     inkscape:pageopacity=\"0\"\n     inkscape:pagecheckerboard=\"0\"\n     inkscape:deskcolor=\"#505050\"\n     inkscape:document-units=\"mm\"\n     inkscape:zoom=\"0.17961796\"\n     inkscape:cx=\"144.75167\"\n     inkscape:cy=\"551.16982\"\n     inkscape:window-width=\"1440\"\n     inkscape:window-height=\"426\"\n     inkscape:window-x=\"0\"\n     inkscape:window-y=\"37\"\n     inkscape:window-maximized=\"0\"\n     inkscape:current-layer=\"layer1\" \/>\n  <defs\n     id=\"defs1\" \/>\n  <g\n     inkscape:label=\"Calque 1\"\n     inkscape:groupmode=\"layer\"\n     id=\"layer1\"\n     transform=\"translate(-8.7312504,18.785422)\">\n    <path\n       d=\"m 60.979402,215.36002 c -15.234355,24.67046 -31.231063,48.86572 -41.013591,76.22081 -2.704041,8.72843 -4.60763,17.65194 -5.670902,26.68976 L 8.7312504,316.82631 C 10.343798,306.06659 13.194595,295.21868 17.44345,284.36265 27.398839,259.08541 42.084625,236.13651 56.288869,212.9509 44.776672,205.98813 37.1094,193.84622 29.649561,182.90235 23.393047,172.75011 16.535753,162.40173 13.78585,150.58967 c -1.215672,-22.21195 21.302486,0.42862 25.668464,8.55451 9.518649,14.24799 13.020674,31.41098 21.542727,46.06501 7.714191,-12.83511 15.187788,-25.78946 21.378686,-39.37458 -18.093267,-11.39825 -36.23698,-30.98906 -35.895491,-53.5298 3.144661,-15.085479 15.082308,-10.40306 19.509316,1.23861 6.766278,14.98459 7.396339,33.12407 19.61903,45.1178 1.300339,-3.04482 2.480381,-6.04943 3.580694,-9.0932 2.855736,-10.04852 5.389386,-20.45405 7.322256,-31.05643 -0.284339,-0.8375 -0.169686,-1.67711 0.426155,-2.28036 l 0.03951,-0.0804 C 83.24744,106.00491 63.121469,95.498128 63.081958,75.956356 62.238466,68.768509 67.656427,66.057765 73.198213,70.379645 84.882565,79.419576 88.614249,94.902287 98.706868,104.95116 100.31271,93.19202 101.11881,81.238498 100.9269,69.48994 84.423249,63.157579 63.462252,53.335187 61.104991,33.847743 69.697246,20.847177 88.923282,47.54434 96.746129,52.491343 91.528899,29.305377 71.429385,10.046886 76.070177,-15.15838 c 4.217458,-9.576859 13.361105,2.196041 14.915091,7.9410271 C 96.46179,12.610169 105.5303,31.61713 107.05606,52.388685 c 0.16298,0.478366 0.21378,2.196394 0.32667,1.156405 2.44405,-12.043833 8.29028,-23.10906 10.37449,-35.230505 1.75472,-7.004402 0.64946,-17.90735193 8.98419,-20.6763046 19.74638,0.7584722 8.24689,28.3629796 3.47698,39.0623766 -1.96956,4.607984 -15.58643,32.465786 -24.07461,36.354102 0.0656,4.115858 0.0836,7.113058 0.0896,8.111772 -0.14817,8.393289 -0.81597,16.829264 -2.04329,25.189389 10.90613,-13.654614 18.48062,-29.64603 25.53653,-45.594408 2.68287,-5.6515 5.79084,-13.582649 12.98046,-14.226822 18.91594,2.242256 1.3021,36.398552 -6.08225,44.316297 -4.44288,5.38233 -24.16668,27.842983 -34.86608,29.546553 -2.327982,11.40389 -5.376335,22.65221 -9.065332,33.58479 -0.785989,2.20239 -1.612194,4.2859 -2.439106,6.3687 26.358498,-15.9071 37.875278,-47.18826 61.737168,-66.117257 2.58233,-2.413706 6.80826,-4.117975 9.93951,-1.779411 9.16129,8.096248 -6.50345,27.773838 -11.52983,35.757198 -14.63075,18.79283 -36.33188,31.71402 -58.459864,40.04204 -1.91382,0.65088 -3.903486,2.06164 -5.824008,1.7138 -5.55872,12.30277 -12.160603,24.0926 -19.123378,35.60445 10.691989,-2.90301 21.215703,-7.2831 31.096302,-12.17965 11.987388,-6.74688 21.753338,-17.27765 35.235798,-21.39633 7.77134,-3.44452 19.72521,-2.63878 22.10294,7.09789 1.77306,21.8888 -76.955298,41.19386 -94.449548,36.26626\"\n       style=\"fill:#FFB8DA;fill-opacity:1;fill-rule:nonzero;stroke:none;stroke-width:0.352778\"\n       id=\"path20\" \/>\n  <\/g>\n<\/svg>\n<\/div>\n\n\n\n<div class=\"wp-block-group texte-sites is-content-justification-center is-nowrap is-layout-flex wp-container-core-group-is-layout-7 wp-block-group-is-layout-flex\">\n<div class=\"wp-block-columns card-site is-layout-flex wp-container-core-columns-is-layout-4 wp-block-columns-is-layout-flex\" style=\"padding-top:var(--wp--preset--spacing--30);padding-right:var(--wp--preset--spacing--60);padding-bottom:var(--wp--preset--spacing--30);padding-left:var(--wp--preset--spacing--60)\">\n<div class=\"wp-block-column is-layout-flow wp-block-column-is-layout-flow\">\n<p>A la jonction des quartiers du Franc-Moisin (Saint-Denis) et des 4000 (La Courneuve), le Parc du Glacis est un projet consacr\u00e9 \u00e0 l\u2019agriculture urbaine, cog\u00e9r\u00e9 par les associations Engrainage et La Sauge.<\/p>\n\n\n\n<p>Le parc comprend une <strong>for\u00eat comestible p\u00e9dagogique, <\/strong>un espace de convivialit\u00e9 ainsi qu\u2019un espace de production de semences sous serres.<\/p>\n\n\n\n<p>La for\u00eat comestible qu\u2019on peut aussi consid\u00e9rer comme \u201cjardin for\u00eat\u201d est un syst\u00e8me productif agricole imitant le fonctionnement d\u2019une for\u00eat, syst\u00e8me naturel optimal en termes de durabilit\u00e9 et de production.<\/p>\n<\/div>\n\n\n\n<div class=\"wp-block-column is-layout-flow wp-block-column-is-layout-flow\">\n<p>Ce syst\u00e8me permet une <strong>production abondante <\/strong>et \u00e9tag\u00e9e en diff\u00e9rentes strates suivant la taille des v\u00e9g\u00e9taux cultiv\u00e9s et apporte de nombreux b\u00e9n\u00e9fices \u00e9cologiques en milieu urbain.<\/p>\n\n\n\n<p>A la for\u00eat comestible, nous organisons de nombreux ateliers de <strong>sensibilisation <\/strong>autour de l\u2019agroforesterie et de la transition \u00e9cologique. Ces ateliers sont destin\u00e9s \u00e0 des publics divers (habitants, scolaires, entreprises et publics sp\u00e9cialis\u00e9s).<\/p>\n\n\n\n<p>C&#8217;est dans cette gestion int\u00e9gr\u00e9e de l&#8217;entretien, de la production agricole, de l&#8217;accueil des publics et du volet p\u00e9dagogique que r\u00e9side, nous en sommes convaincus, l&#8217;apport particulier de la for\u00eat comestible.<\/p>\n\n\n\n<p style=\"padding-top:var(--wp--preset--spacing--20);padding-right:var(--wp--preset--spacing--20);padding-bottom:var(--wp--preset--spacing--20);padding-left:var(--wp--preset--spacing--20)\">    <strong>29 rue du Mar\u00e9chal Lyautey, 93200 Saint-Denis<\/strong><\/p>\n<\/div>\n<\/div>\n\n\n\n<iframe src=\"https:\/\/www.google.com\/maps\/embed?pb=!1m18!1m12!1m3!1d5279.034401939209!2d2.3706610494630236!3d48.92902127640777!2m3!1f0!2f0!3f0!3m2!1i1024!2i768!4f13.1!3m3!1m2!1s0x47e66f7ae09507eb%3A0xe245cc8eb2496c9d!2sLe%20parc%20du%20Glacis!5e0!3m2!1sen!2sfr!4v1726703499091!5m2!1sen!2sfr\" width=\"400\" height=\"300\" style=\"border:0;\" allowfullscreen=\"\" loading=\"lazy\" referrerpolicy=\"no-referrer-when-downgrade\" disableDefaultUI=\"true\"><\/iframe>\n<\/div>\n<\/div>\n\n\n\n<p><\/p>\n","protected":false},"excerpt":{"rendered":"<p>Le jardin p\u00e9dagogique du&nbsp;6b En 2019, le 6B a mis \u00e0 disposition d&#8217;Engrainage la parcelle nord de ses espaces ext\u00e9rieurs. C&#8217;\u00e9tait alors un parking d\u00e9saffect\u00e9, en friche, et nous nous sommes donn\u00e9s l&#8217;objectif d&#8217;en faire un jardin p\u00e9dagogique, nourricier et un refuge pour la biodiversit\u00e9. Depuis c&#8217;est un espace en perp\u00e9tuel d\u00e9veloppement qui comprend aujourd&#8217;hui [&hellip;]<\/p>\n","protected":false},"author":1,"featured_media":0,"parent":0,"menu_order":0,"comment_status":"closed","ping_status":"closed","template":"","meta":{"footnotes":""},"class_list":["post-1726","page","type-page","status-publish","hentry"],"blocksy_meta":[],"_links":{"self":[{"href":"https:\/\/engrainage.fr\/index.php?rest_route=\/wp\/v2\/pages\/1726"}],"collection":[{"href":"https:\/\/engrainage.fr\/index.php?rest_route=\/wp\/v2\/pages"}],"about":[{"href":"https:\/\/engrainage.fr\/index.php?rest_route=\/wp\/v2\/types\/page"}],"author":[{"embeddable":true,"href":"https:\/\/engrainage.fr\/index.php?rest_route=\/wp\/v2\/users\/1"}],"replies":[{"embeddable":true,"href":"https:\/\/engrainage.fr\/index.php?rest_route=%2Fwp%2Fv2%2Fcomments&post=1726"}],"version-history":[{"count":161,"href":"https:\/\/engrainage.fr\/index.php?rest_route=\/wp\/v2\/pages\/1726\/revisions"}],"predecessor-version":[{"id":2396,"href":"https:\/\/engrainage.fr\/index.php?rest_route=\/wp\/v2\/pages\/1726\/revisions\/2396"}],"wp:attachment":[{"href":"https:\/\/engrainage.fr\/index.php?rest_route=%2Fwp%2Fv2%2Fmedia&parent=1726"}],"curies":[{"name":"wp","href":"https:\/\/api.w.org\/{rel}","templated":true}]}}