

{"id":1739,"date":"2024-09-09T21:02:53","date_gmt":"2024-09-09T19:02:53","guid":{"rendered":"https:\/\/engrainage.fr\/?page_id=1739"},"modified":"2025-03-21T15:34:27","modified_gmt":"2025-03-21T14:34:27","slug":"contacts","status":"publish","type":"page","link":"https:\/\/engrainage.fr\/?page_id=1739","title":{"rendered":"Contact"},"content":{"rendered":"\n<div class=\"wp-block-group card-contact has-background is-layout-constrained wp-container-core-group-is-layout-1 wp-block-group-is-layout-constrained\" style=\"background-color:#ffffffd9;padding-top:var(--wp--preset--spacing--20);padding-right:var(--wp--preset--spacing--20);padding-bottom:var(--wp--preset--spacing--20);padding-left:var(--wp--preset--spacing--20)\">\n<p class=\"has-text-align-center has-medium-font-size\" style=\"padding-top:0;padding-right:0;padding-bottom:0;padding-left:0\">Pour toute information g\u00e9n\u00e9rale, demande de partenariat ou pour participer aux journ\u00e9es de b\u00e9n\u00e9volat sur nos sites, \u00e9crivez nous un mail \u00e0 <span class=\"highlight-orange\">contact@engrainage.fr<\/span><\/p>\n\n\n\n<p class=\"has-text-align-center has-medium-font-size\" style=\"padding-top:var(--wp--preset--spacing--50);padding-right:var(--wp--preset--spacing--50);padding-bottom:var(--wp--preset--spacing--50);padding-left:var(--wp--preset--spacing--50)\">Pour toute demande concernant nos journ\u00e9es de coh\u00e9sion d\u2019\u00e9quipe, ou nos ateliers p\u00e9dagogiques,<br>contactez Ilan Kalaora : <span class=\"highlight-green\">ilan.kalaora@engrainage.fr<\/span><\/p>\n\n\n\n<p class=\"has-text-align-center has-medium-font-size\" style=\"padding-top:var(--wp--preset--spacing--50);padding-right:var(--wp--preset--spacing--50);padding-bottom:var(--wp--preset--spacing--50);padding-left:var(--wp--preset--spacing--50)\">Pour toute demande li\u00e9e \u00e0 nos activit\u00e9s \u00e9v\u00e9nementielles, (programmation, co-production), s\u2019adresser \u00e0 Hugo Coon &#8211; responsable de production&nbsp;: <span class=\"highlight-purple\">hugo.coon@engrainage.fr<\/span><\/p>\n<\/div>\n\n\n\n<div class=\"wp-block-contact-form-7-contact-form-selector panel formulaire\"><div role=\"form\" class=\"wpcf7\" id=\"wpcf7-f1064-o1\" lang=\"en-US\" dir=\"ltr\">\n<div class=\"screen-reader-response\"><p role=\"status\" aria-live=\"polite\" aria-atomic=\"true\"><\/p> <ul><\/ul><\/div>\n<form action=\"\/index.php?rest_route=%2Fwp%2Fv2%2Fpages%2F1739#wpcf7-f1064-o1\" method=\"post\" class=\"wpcf7-form init\" novalidate=\"novalidate\" data-status=\"init\">\n<div style=\"display: none;\">\n<input type=\"hidden\" name=\"_wpcf7\" value=\"1064\" \/>\n<input type=\"hidden\" name=\"_wpcf7_version\" value=\"5.4.1\" \/>\n<input type=\"hidden\" name=\"_wpcf7_locale\" value=\"en_US\" \/>\n<input type=\"hidden\" name=\"_wpcf7_unit_tag\" value=\"wpcf7-f1064-o1\" \/>\n<input type=\"hidden\" name=\"_wpcf7_container_post\" value=\"0\" \/>\n<input type=\"hidden\" name=\"_wpcf7_posted_data_hash\" value=\"\" \/>\n<\/div>\n<p><label> Votre nom<br \/>\n    <span class=\"wpcf7-form-control-wrap your-name\"><input type=\"text\" name=\"your-name\" value=\"\" size=\"40\" class=\"wpcf7-form-control wpcf7-text wpcf7-validates-as-required\" aria-required=\"true\" aria-invalid=\"false\" \/><\/span> <\/label><\/p>\n<p><label> Votre email<br \/>\n    <span class=\"wpcf7-form-control-wrap your-email\"><input type=\"email\" name=\"your-email\" value=\"\" size=\"40\" class=\"wpcf7-form-control wpcf7-text wpcf7-email wpcf7-validates-as-required wpcf7-validates-as-email\" aria-required=\"true\" aria-invalid=\"false\" \/><\/span> <\/label><\/p>\n<p><label> Sujet<br \/>\n    <span class=\"wpcf7-form-control-wrap your-subject\"><input type=\"text\" name=\"your-subject\" value=\"\" size=\"40\" class=\"wpcf7-form-control wpcf7-text wpcf7-validates-as-required\" aria-required=\"true\" aria-invalid=\"false\" \/><\/span> <\/label><\/p>\n<p><label> Votre message<br \/>\n    <span class=\"wpcf7-form-control-wrap your-message\"><textarea name=\"your-message\" cols=\"40\" rows=\"10\" class=\"wpcf7-form-control wpcf7-textarea\" aria-invalid=\"false\"><\/textarea><\/span> <\/label><\/p>\n<p><input type=\"submit\" value=\"Envoyer\" class=\"wpcf7-form-control wpcf7-submit\" \/><\/p>\n<div class=\"wpcf7-response-output\" aria-hidden=\"true\"><\/div><\/form><\/div><\/div>\n\n\n\n<p><\/p>\n\n\n\n<p><\/p>\n","protected":false},"excerpt":{"rendered":"<p>Pour toute information g\u00e9n\u00e9rale, demande de partenariat ou pour participer aux journ\u00e9es de b\u00e9n\u00e9volat sur nos sites, \u00e9crivez nous un mail \u00e0 contact@engrainage.fr Pour toute demande concernant nos journ\u00e9es de coh\u00e9sion d\u2019\u00e9quipe, ou nos ateliers p\u00e9dagogiques,contactez Ilan Kalaora : ilan.kalaora@engrainage.fr Pour toute demande li\u00e9e \u00e0 nos activit\u00e9s \u00e9v\u00e9nementielles, (programmation, co-production), s\u2019adresser \u00e0 Hugo Coon &#8211; [&hellip;]<\/p>\n","protected":false},"author":1,"featured_media":0,"parent":0,"menu_order":0,"comment_status":"closed","ping_status":"closed","template":"","meta":{"footnotes":""},"class_list":["post-1739","page","type-page","status-publish","hentry"],"blocksy_meta":[],"_links":{"self":[{"href":"https:\/\/engrainage.fr\/index.php?rest_route=\/wp\/v2\/pages\/1739"}],"collection":[{"href":"https:\/\/engrainage.fr\/index.php?rest_route=\/wp\/v2\/pages"}],"about":[{"href":"https:\/\/engrainage.fr\/index.php?rest_route=\/wp\/v2\/types\/page"}],"author":[{"embeddable":true,"href":"https:\/\/engrainage.fr\/index.php?rest_route=\/wp\/v2\/users\/1"}],"replies":[{"embeddable":true,"href":"https:\/\/engrainage.fr\/index.php?rest_route=%2Fwp%2Fv2%2Fcomments&post=1739"}],"version-history":[{"count":33,"href":"https:\/\/engrainage.fr\/index.php?rest_route=\/wp\/v2\/pages\/1739\/revisions"}],"predecessor-version":[{"id":2388,"href":"https:\/\/engrainage.fr\/index.php?rest_route=\/wp\/v2\/pages\/1739\/revisions\/2388"}],"wp:attachment":[{"href":"https:\/\/engrainage.fr\/index.php?rest_route=%2Fwp%2Fv2%2Fmedia&parent=1739"}],"curies":[{"name":"wp","href":"https:\/\/api.w.org\/{rel}","templated":true}]}}