

{"id":79,"date":"2021-02-23T18:48:08","date_gmt":"2021-02-23T17:48:08","guid":{"rendered":"http:\/\/engrainage.fr\/?page_id=79"},"modified":"2024-09-27T11:57:51","modified_gmt":"2024-09-27T09:57:51","slug":"lassociation","status":"publish","type":"page","link":"https:\/\/engrainage.fr\/?page_id=79","title":{"rendered":"L&#8217;Association(OLD)"},"content":{"rendered":"\n<div class=\"wp-block-group panel is-vertical is-content-justification-stretch is-layout-flex wp-container-core-group-is-layout-11 wp-block-group-is-layout-flex\" style=\"margin-top:var(--wp--preset--spacing--40);margin-bottom:var(--wp--preset--spacing--40)\">\n<div class=\"wp-block-group panel-title is-layout-constrained wp-block-group-is-layout-constrained\">\n<h1 class=\"wp-block-heading alignfull\">Quelques chiffres<\/h1>\n<\/div>\n\n\n\n<div class=\"wp-block-group panel-content is-layout-constrained wp-block-group-is-layout-constrained\">\n<div class=\"wp-block-columns is-layout-flex wp-container-core-columns-is-layout-2 wp-block-columns-is-layout-flex\">\n<div class=\"wp-block-column is-layout-flow wp-block-column-is-layout-flow\" style=\"padding-right:var(--wp--preset--spacing--50);padding-left:var(--wp--preset--spacing--50);flex-basis:33.3%\">\n<div class=\"wp-block-group little-card is-vertical is-layout-flex wp-container-core-group-is-layout-2 wp-block-group-is-layout-flex\">\n<h2 class=\"wp-block-heading\"><strong>Engrainage<\/strong><br><strong>en 2023<\/strong><\/h2>\n\n\n\n<p>La diversit\u00e9 des activit\u00e9s propos\u00e9es par Engrainage permet de toucher un public mixte et h\u00e9t\u00e9rog\u00e8ne et l\u2019impact de ces activit\u00e9s est en constante \u00e9volution.<br>L\u2019un des objectifs principaux de l\u2019association \u00e9tant la mixit\u00e9 sociale, d\u2019\u00e2ge et de sexe de ses b\u00e9n\u00e9ficiraires.<\/p>\n<\/div>\n<\/div>\n\n\n\n<div class=\"wp-block-column is-vertically-aligned-center is-layout-flow wp-container-core-column-is-layout-4 wp-block-column-is-layout-flow\">\n<div class=\"wp-block-columns is-layout-flex wp-container-core-columns-is-layout-1 wp-block-columns-is-layout-flex\">\n<div class=\"wp-block-column is-layout-flow wp-block-column-is-layout-flow\">\n<div class=\"wp-block-group is-vertical is-content-justification-center is-layout-flex wp-container-core-group-is-layout-3 wp-block-group-is-layout-flex\" style=\"margin-top:0;margin-bottom:0;padding-top:0;padding-right:0;padding-bottom:0;padding-left:0\">\n<h2 class=\"wp-block-heading has-text-align-center has-xx-large-font-size\">300<\/h2>\n\n\n\n<p class=\"has-text-align-center\"><strong>\u00e9l\u00e8ves accueillis lors<br>d\u2019ateliers p\u00e9dagogiques<\/strong><\/p>\n<\/div>\n<\/div>\n\n\n\n<div class=\"wp-block-column is-layout-flow wp-block-column-is-layout-flow\">\n<div class=\"wp-block-group 2 is-vertical is-content-justification-center is-layout-flex wp-container-core-group-is-layout-4 wp-block-group-is-layout-flex\" style=\"margin-top:0;margin-bottom:0;padding-top:0;padding-right:0;padding-bottom:0;padding-left:0\">\n<h2 class=\"wp-block-heading has-text-align-center has-xx-large-font-size\">2000<\/h2>\n<\/div>\n\n\n\n<p class=\"has-text-align-center\"><strong>personnes accueillies lorsdes \u00e9v\u00e9nements culturels<\/strong><br><strong>dont 2\u20443 de dionysiens<\/strong><\/p>\n<\/div>\n<\/div>\n<\/div>\n<\/div>\n\n\n\n<div class=\"wp-block-group is-content-justification-center is-layout-constrained wp-container-core-group-is-layout-9 wp-block-group-is-layout-constrained\">\n<div class=\"wp-block-columns alignfull are-vertically-aligned-center is-layout-flex wp-container-core-columns-is-layout-3 wp-block-columns-is-layout-flex\" style=\"padding-right:0;padding-left:0\">\n<div class=\"wp-block-column is-vertically-aligned-center is-layout-flow wp-block-column-is-layout-flow\">\n<div class=\"wp-block-group is-vertical is-content-justification-center is-layout-flex wp-container-core-group-is-layout-5 wp-block-group-is-layout-flex\" style=\"margin-top:0;margin-bottom:0\">\n<h2 class=\"wp-block-heading has-text-align-center has-xx-large-font-size\">10<\/h2>\n\n\n\n<p class=\"has-text-align-center\"><strong>chantiers participatifs<\/strong><\/p>\n<\/div>\n<\/div>\n\n\n\n<div class=\"wp-block-column is-vertically-aligned-center is-layout-flow wp-block-column-is-layout-flow\">\n<div class=\"wp-block-group is-vertical is-content-justification-center is-layout-flex wp-container-core-group-is-layout-6 wp-block-group-is-layout-flex\" style=\"margin-top:0;margin-bottom:0\">\n<h2 class=\"wp-block-heading has-text-align-center has-xx-large-font-size\">14<\/h2>\n\n\n\n<p class=\"has-text-align-center\"><strong>\u00e9v\u00e9nements<br>culturels<\/strong><\/p>\n<\/div>\n<\/div>\n\n\n\n<div class=\"wp-block-column is-vertically-aligned-center is-layout-flow wp-block-column-is-layout-flow\">\n<div class=\"wp-block-group is-vertical is-content-justification-center is-layout-flex wp-container-core-group-is-layout-7 wp-block-group-is-layout-flex\" style=\"margin-top:0;margin-bottom:0\">\n<h2 class=\"wp-block-heading has-text-align-center has-xx-large-font-size\">50<\/h2>\n\n\n\n<p class=\"has-text-align-center\"><strong>b\u00e9n\u00e9voles<br>r\u00e9guliers<\/strong><\/p>\n<\/div>\n<\/div>\n\n\n\n<div class=\"wp-block-column is-vertically-aligned-center is-layout-flow wp-block-column-is-layout-flow\">\n<div class=\"wp-block-group is-vertical is-content-justification-center is-layout-flex wp-container-core-group-is-layout-8 wp-block-group-is-layout-flex\" style=\"margin-top:0;margin-bottom:0\">\n<h2 class=\"wp-block-heading has-text-align-center has-xx-large-font-size\">80<\/h2>\n\n\n\n<p class=\"has-text-align-center\"><strong>ateliers d&#8217;agriculture<br>urbaine<\/strong><\/p>\n<\/div>\n<\/div>\n<\/div>\n<\/div>\n<\/div>\n<\/div>\n\n\n\n<div class=\"wp-block-columns is-layout-flex wp-container-core-columns-is-layout-4 wp-block-columns-is-layout-flex\">\n<div class=\"wp-block-column is-layout-flow wp-block-column-is-layout-flow\">\n<p>L&#8217;association Engrainage d\u00e9veloppe des activit\u00e9s culturelles et culturales ayant trait \u00e0 l&#8217;agriculture urbaine, au paysage et \u00e0 l\u2019art. Convaincus des bienfaits sociaux de l\u2019\u00e9cologie, notre objectif est de remettre la Nature dans la vie des habitants des m\u00e9tropoles en cr\u00e9ant des espaces d&#8217;\u00e9change, de d\u00e9couverte et de d\u00e9tente.<\/p>\n<p>En janvier 2019, nous cr\u00e9ons l\u2019association et nous installons dans les espaces ext\u00e9rieurs du 6b* pour v\u00e9g\u00e9taliser et mettre en place des animations. La parcelle sur laquelle nous travaillons, d\u2019une surface de 2 500 m2, \u00e9tait jusque-l\u00e0 en friche et le lieu de nombreux d\u00e9p\u00f4ts sauvages d&#8217;ordures. Depuis janvier 2019, nous d\u00e9frichons et am\u00e9nageons cette friche dans une d\u00e9marche co-constructive. Toutes nos actions sont r\u00e9alis\u00e9es en chantiers participatifs avec les b\u00e9n\u00e9voles de l\u2019association, les habitants du quartiers et r\u00e9sidents du 6b. Nous avons jusqu\u2019alors construit 12 buttes de cultures mara\u00eech\u00e8res, un mur en pierre s\u00e8che v\u00e9g\u00e9talis\u00e9, une pergola, une cabane \u00e0 jardin ainsi qu\u2019une serre en forme de d\u00f4me g\u00e9od\u00e9sique. Le jardin devient \u00e9galement un support pour de nombreuses activit\u00e9s p\u00e9dagogiques. Nous mettons en place r\u00e9guli\u00e8rement des ateliers d&#8217;agriculture urbaine en lien avec les partenaires culturels et associatifs du territoire. Enfin, nous organisons des \u00e9v\u00e9nements artistiques pluridisciplinaires tout le long de l&#8217;ann\u00e9e pour montrer aux dionysiens et aux publics du 6b les avanc\u00e9es du jardin et cr\u00e9er une communaut\u00e9 autour de l\u2019association.<\/p>\n<\/div>\n\n\n\n<div class=\"wp-block-column is-layout-flow wp-block-column-is-layout-flow\">\n<figure class=\"wp-block-image size-large\"><img loading=\"lazy\" decoding=\"async\" width=\"768\" height=\"1024\" src=\"http:\/\/engrainage.fr\/wp-content\/uploads\/2023\/03\/WhatsApp-Image-2023-03-04-at-14.01.04-1-768x1024.jpeg\" alt=\"\" class=\"wp-image-1681\" srcset=\"https:\/\/engrainage.fr\/wp-content\/uploads\/2023\/03\/WhatsApp-Image-2023-03-04-at-14.01.04-1-768x1024.jpeg 768w, https:\/\/engrainage.fr\/wp-content\/uploads\/2023\/03\/WhatsApp-Image-2023-03-04-at-14.01.04-1-225x300.jpeg 225w, https:\/\/engrainage.fr\/wp-content\/uploads\/2023\/03\/WhatsApp-Image-2023-03-04-at-14.01.04-1-1152x1536.jpeg 1152w, https:\/\/engrainage.fr\/wp-content\/uploads\/2023\/03\/WhatsApp-Image-2023-03-04-at-14.01.04-1.jpeg 1500w\" sizes=\"(max-width: 768px) 100vw, 768px\" \/><\/figure>\n<\/div>\n<\/div>\n","protected":false},"excerpt":{"rendered":"<p>Quelques chiffres Engrainageen 2023 La diversit\u00e9 des activit\u00e9s propos\u00e9es par Engrainage permet de toucher un public mixte et h\u00e9t\u00e9rog\u00e8ne et l\u2019impact de ces activit\u00e9s est en constante \u00e9volution.L\u2019un des objectifs principaux de l\u2019association \u00e9tant la mixit\u00e9 sociale, d\u2019\u00e2ge et de sexe de ses b\u00e9n\u00e9ficiraires. 300 \u00e9l\u00e8ves accueillis lorsd\u2019ateliers p\u00e9dagogiques 2000 personnes accueillies lorsdes \u00e9v\u00e9nements culturelsdont [&hellip;]<\/p>\n","protected":false},"author":1,"featured_media":0,"parent":0,"menu_order":0,"comment_status":"closed","ping_status":"closed","template":"","meta":{"footnotes":""},"class_list":["post-79","page","type-page","status-publish","hentry"],"blocksy_meta":[],"_links":{"self":[{"href":"https:\/\/engrainage.fr\/index.php?rest_route=\/wp\/v2\/pages\/79"}],"collection":[{"href":"https:\/\/engrainage.fr\/index.php?rest_route=\/wp\/v2\/pages"}],"about":[{"href":"https:\/\/engrainage.fr\/index.php?rest_route=\/wp\/v2\/types\/page"}],"author":[{"embeddable":true,"href":"https:\/\/engrainage.fr\/index.php?rest_route=\/wp\/v2\/users\/1"}],"replies":[{"embeddable":true,"href":"https:\/\/engrainage.fr\/index.php?rest_route=%2Fwp%2Fv2%2Fcomments&post=79"}],"version-history":[{"count":7,"href":"https:\/\/engrainage.fr\/index.php?rest_route=\/wp\/v2\/pages\/79\/revisions"}],"predecessor-version":[{"id":2229,"href":"https:\/\/engrainage.fr\/index.php?rest_route=\/wp\/v2\/pages\/79\/revisions\/2229"}],"wp:attachment":[{"href":"https:\/\/engrainage.fr\/index.php?rest_route=%2Fwp%2Fv2%2Fmedia&parent=79"}],"curies":[{"name":"wp","href":"https:\/\/api.w.org\/{rel}","templated":true}]}}